{"id":1823,"date":"2024-12-22T11:23:26","date_gmt":"2024-12-22T10:23:26","guid":{"rendered":"https:\/\/stage.maxbaumert.de\/?page_id=1823"},"modified":"2025-03-17T19:21:23","modified_gmt":"2025-03-17T18:21:23","slug":"videokurs","status":"publish","type":"page","link":"https:\/\/maxbaumert.de\/?page_id=1823","title":{"rendered":"Videokurs"},"content":{"rendered":"\t\t<div data-elementor-type=\"wp-page\" data-elementor-id=\"1823\" class=\"elementor elementor-1823\">\n\t\t\t\t\t\t<section class=\"elementor-section elementor-top-section elementor-element elementor-element-56f004a9 elementor-section-height-min-height elementor-section-content-middle elementor-section-stretched elementor-section-boxed elementor-section-height-default elementor-section-items-middle\" data-id=\"56f004a9\" data-element_type=\"section\" data-e-type=\"section\" data-settings=\"{&quot;background_background&quot;:&quot;video&quot;,&quot;stretch_section&quot;:&quot;section-stretched&quot;,&quot;background_video_start&quot;:1,&quot;background_play_on_mobile&quot;:&quot;yes&quot;,&quot;background_privacy_mode&quot;:&quot;yes&quot;,&quot;shape_divider_bottom&quot;:&quot;curve-asymmetrical&quot;,&quot;shape_divider_bottom_negative&quot;:&quot;yes&quot;,&quot;background_video_link&quot;:&quot;https:\\\/\\\/www.youtube.com\\\/watch?si=YZrF9IDUHeW21ht3&amp;v=dK2D8Qst6-w&amp;feature=youtu.be&quot;}\">\n\t\t\t\t\t\t\t\t<div class=\"elementor-background-video-container\">\n\t\t\t\t\t\t\t\t\t\t\t\t\t<div class=\"elementor-background-video-embed\" role=\"presentation\"><\/div>\n\t\t\t\t\t\t\t\t\t\t\t\t<\/div>\n\t\t\t\t\t\t\t\t\t<div class=\"elementor-background-overlay\"><\/div>\n\t\t\t\t\t\t<div class=\"elementor-shape elementor-shape-bottom\" aria-hidden=\"true\" data-negative=\"true\">\n\t\t\t<svg xmlns=\"http:\/\/www.w3.org\/2000\/svg\" viewBox=\"0 0 1000 100\" preserveAspectRatio=\"none\">\n\t<path class=\"elementor-shape-fill\" d=\"M615.2,96.7C240.2,97.8,0,18.9,0,0v100h1000V0C1000,19.2,989.8,96,615.2,96.7z\"\/>\n<\/svg>\t\t<\/div>\n\t\t\t\t\t<div class=\"elementor-container elementor-column-gap-default\">\n\t\t\t\t\t<div class=\"elementor-column elementor-col-100 elementor-top-column elementor-element elementor-element-62546fbd\" data-id=\"62546fbd\" data-element_type=\"column\" data-e-type=\"column\" data-settings=\"{&quot;dotlife_ext_link_sidemenu&quot;:&quot;false&quot;,&quot;dotlife_ext_link_fullmenu&quot;:&quot;false&quot;,&quot;dotlife_ext_link_closed_fullmenu&quot;:&quot;false&quot;,&quot;dotlife_ext_is_scrollme&quot;:&quot;false&quot;,&quot;dotlife_ext_is_smoove&quot;:&quot;false&quot;,&quot;dotlife_ext_is_parallax_mouse&quot;:&quot;false&quot;,&quot;dotlife_ext_is_infinite&quot;:&quot;false&quot;,&quot;dotlife_ext_is_fadeout_animation&quot;:&quot;false&quot;,&quot;dotlife_ext_mobile_static&quot;:&quot;false&quot;}\">\n\t\t\t<div class=\"elementor-widget-wrap elementor-element-populated\">\n\t\t\t\t<div class=\"elementor-element elementor-element-7768b7c e-flex e-con-boxed e-con e-parent\" data-id=\"7768b7c\" data-element_type=\"container\" data-e-type=\"container\" data-settings=\"{&quot;dotlife_ext_is_background_parallax&quot;:&quot;false&quot;,&quot;dotlife_ext_is_background_backdrop&quot;:&quot;false&quot;,&quot;dotlife_ext_link_sidemenu&quot;:&quot;false&quot;,&quot;dotlife_ext_link_fullmenu&quot;:&quot;false&quot;,&quot;dotlife_ext_link_closed_fullmenu&quot;:&quot;false&quot;,&quot;dotlife_ext_is_scrollme&quot;:&quot;false&quot;,&quot;dotlife_ext_is_smoove&quot;:&quot;false&quot;,&quot;dotlife_ext_is_parallax_mouse&quot;:&quot;false&quot;,&quot;dotlife_ext_is_infinite&quot;:&quot;false&quot;,&quot;dotlife_ext_is_fadeout_animation&quot;:&quot;false&quot;,&quot;dotlife_ext_mobile_static&quot;:&quot;false&quot;}\">\n\t\t\t\t\t<div class=\"e-con-inner\">\n\t\t\t\t<div class=\"elementor-element elementor-element-84ad993 elementor-widget elementor-widget-heading\" data-id=\"84ad993\" data-element_type=\"widget\" data-e-type=\"widget\" data-settings=\"{&quot;dotlife_ext_link_sidemenu&quot;:&quot;false&quot;,&quot;dotlife_ext_link_fullmenu&quot;:&quot;false&quot;,&quot;dotlife_ext_link_closed_fullmenu&quot;:&quot;false&quot;,&quot;dotlife_ext_is_scrollme&quot;:&quot;false&quot;,&quot;dotlife_ext_is_smoove&quot;:&quot;false&quot;,&quot;dotlife_ext_is_parallax_mouse&quot;:&quot;false&quot;,&quot;dotlife_ext_is_infinite&quot;:&quot;false&quot;,&quot;dotlife_ext_is_fadeout_animation&quot;:&quot;false&quot;,&quot;dotlife_ext_mobile_static&quot;:&quot;false&quot;}\" data-widget_type=\"heading.default\">\n\t\t\t\t<div class=\"elementor-widget-container\">\n\t\t\t\t\t<h1 class=\"elementor-heading-title elementor-size-default\">Videokurs:<br>\nGrundlagen des Boxens <\/h1>\t\t\t\t<\/div>\n\t\t\t\t<\/div>\n\t\t\t\t\t<\/div>\n\t\t\t\t<\/div>\n\t\t\t\t\t<\/div>\n\t\t<\/div>\n\t\t\t\t\t<\/div>\n\t\t<\/section>\n\t\t<div class=\"elementor-element elementor-element-546e5296 e-flex e-con-boxed e-con e-parent\" data-id=\"546e5296\" data-element_type=\"container\" data-e-type=\"container\" data-settings=\"{&quot;dotlife_ext_is_background_parallax&quot;:&quot;false&quot;,&quot;dotlife_ext_is_background_backdrop&quot;:&quot;false&quot;,&quot;dotlife_ext_link_sidemenu&quot;:&quot;false&quot;,&quot;dotlife_ext_link_fullmenu&quot;:&quot;false&quot;,&quot;dotlife_ext_link_closed_fullmenu&quot;:&quot;false&quot;,&quot;dotlife_ext_is_scrollme&quot;:&quot;false&quot;,&quot;dotlife_ext_is_smoove&quot;:&quot;false&quot;,&quot;dotlife_ext_is_parallax_mouse&quot;:&quot;false&quot;,&quot;dotlife_ext_is_infinite&quot;:&quot;false&quot;,&quot;dotlife_ext_is_fadeout_animation&quot;:&quot;false&quot;,&quot;dotlife_ext_mobile_static&quot;:&quot;false&quot;}\">\n\t\t\t\t\t<div class=\"e-con-inner\">\n\t\t\t\t<div class=\"elementor-element elementor-element-708c1f2d elementor-widget elementor-widget-text-editor\" data-id=\"708c1f2d\" data-element_type=\"widget\" data-e-type=\"widget\" data-settings=\"{&quot;dotlife_ext_link_sidemenu&quot;:&quot;false&quot;,&quot;dotlife_ext_link_fullmenu&quot;:&quot;false&quot;,&quot;dotlife_ext_link_closed_fullmenu&quot;:&quot;false&quot;,&quot;dotlife_ext_is_scrollme&quot;:&quot;false&quot;,&quot;dotlife_ext_is_smoove&quot;:&quot;false&quot;,&quot;dotlife_ext_is_parallax_mouse&quot;:&quot;false&quot;,&quot;dotlife_ext_is_infinite&quot;:&quot;false&quot;,&quot;dotlife_ext_is_fadeout_animation&quot;:&quot;false&quot;,&quot;dotlife_ext_mobile_static&quot;:&quot;false&quot;}\" data-widget_type=\"text-editor.default\">\n\t\t\t\t<div class=\"elementor-widget-container\">\n\t\t\t\t\t\t\t\t\tDu m\u00f6chtest die Kunst des Boxens beherrschen \u2013 flexibel und in deinem eigenen Tempo? Als dreifacher Kickbox-Weltmeister habe ich hunderten Menschen die Grundlagen des Boxens beigebracht. Dabei habe ich festgestellt, dass viele Techniken durch <strong>Wiederholung<\/strong> und <strong>gezieltes Training<\/strong> am besten erlernt werden. Um dir den Einstieg und die Vertiefung noch einfacher und effektiver zu machen, habe ich alle wichtigen Basics in einem umfassenden <strong>Videokurs auf Udemy<\/strong> zusammengefasst.  \nEgal, ob du dich optimal auf ein Training mit mir vorbereiten m\u00f6chtest, zu Hause an deinen Grundlagen arbeiten willst oder deine Technik als Fortgeschrittener verfeinern m\u00f6chtest \u2013 dieser Kurs ist genau das Richtige f\u00fcr dich!\n\t\t\t\t\t\t\t\t<\/div>\n\t\t\t\t<\/div>\n\t\t\t\t\t<\/div>\n\t\t\t\t<\/div>\n\t\t<div class=\"elementor-element elementor-element-fc90e57 e-flex e-con-boxed e-con e-parent\" data-id=\"fc90e57\" data-element_type=\"container\" data-e-type=\"container\" data-settings=\"{&quot;dotlife_ext_is_background_parallax&quot;:&quot;false&quot;,&quot;dotlife_ext_is_background_backdrop&quot;:&quot;false&quot;,&quot;dotlife_ext_link_sidemenu&quot;:&quot;false&quot;,&quot;dotlife_ext_link_fullmenu&quot;:&quot;false&quot;,&quot;dotlife_ext_link_closed_fullmenu&quot;:&quot;false&quot;,&quot;dotlife_ext_is_scrollme&quot;:&quot;false&quot;,&quot;dotlife_ext_is_smoove&quot;:&quot;false&quot;,&quot;dotlife_ext_is_parallax_mouse&quot;:&quot;false&quot;,&quot;dotlife_ext_is_infinite&quot;:&quot;false&quot;,&quot;dotlife_ext_is_fadeout_animation&quot;:&quot;false&quot;,&quot;dotlife_ext_mobile_static&quot;:&quot;false&quot;}\">\n\t\t\t\t\t<div class=\"e-con-inner\">\n\t\t<div class=\"elementor-element elementor-element-8b225aa e-con-full e-flex e-con e-child\" data-id=\"8b225aa\" data-element_type=\"container\" data-e-type=\"container\" data-settings=\"{&quot;dotlife_ext_is_background_parallax&quot;:&quot;false&quot;,&quot;dotlife_ext_is_background_backdrop&quot;:&quot;false&quot;,&quot;dotlife_ext_link_sidemenu&quot;:&quot;false&quot;,&quot;dotlife_ext_link_fullmenu&quot;:&quot;false&quot;,&quot;dotlife_ext_link_closed_fullmenu&quot;:&quot;false&quot;,&quot;dotlife_ext_is_scrollme&quot;:&quot;false&quot;,&quot;dotlife_ext_is_smoove&quot;:&quot;false&quot;,&quot;dotlife_ext_is_parallax_mouse&quot;:&quot;false&quot;,&quot;dotlife_ext_is_infinite&quot;:&quot;false&quot;,&quot;dotlife_ext_is_fadeout_animation&quot;:&quot;false&quot;,&quot;dotlife_ext_mobile_static&quot;:&quot;false&quot;}\">\n\t\t\t\t<div class=\"elementor-element elementor-element-10bbd18 elementor-widget elementor-widget-heading\" data-id=\"10bbd18\" data-element_type=\"widget\" data-e-type=\"widget\" data-settings=\"{&quot;dotlife_ext_link_sidemenu&quot;:&quot;false&quot;,&quot;dotlife_ext_link_fullmenu&quot;:&quot;false&quot;,&quot;dotlife_ext_link_closed_fullmenu&quot;:&quot;false&quot;,&quot;dotlife_ext_is_scrollme&quot;:&quot;false&quot;,&quot;dotlife_ext_is_smoove&quot;:&quot;false&quot;,&quot;dotlife_ext_is_parallax_mouse&quot;:&quot;false&quot;,&quot;dotlife_ext_is_infinite&quot;:&quot;false&quot;,&quot;dotlife_ext_is_fadeout_animation&quot;:&quot;false&quot;,&quot;dotlife_ext_mobile_static&quot;:&quot;false&quot;}\" data-widget_type=\"heading.default\">\n\t\t\t\t<div class=\"elementor-widget-container\">\n\t\t\t\t\t<h2 class=\"elementor-heading-title elementor-size-default\">Was erwartet dich im Kurs?\n<\/h2>\t\t\t\t<\/div>\n\t\t\t\t<\/div>\n\t\t\t\t<div class=\"elementor-element elementor-element-412824f elementor-widget elementor-widget-text-editor\" data-id=\"412824f\" data-element_type=\"widget\" data-e-type=\"widget\" data-settings=\"{&quot;dotlife_ext_link_sidemenu&quot;:&quot;false&quot;,&quot;dotlife_ext_link_fullmenu&quot;:&quot;false&quot;,&quot;dotlife_ext_link_closed_fullmenu&quot;:&quot;false&quot;,&quot;dotlife_ext_is_scrollme&quot;:&quot;false&quot;,&quot;dotlife_ext_is_smoove&quot;:&quot;false&quot;,&quot;dotlife_ext_is_parallax_mouse&quot;:&quot;false&quot;,&quot;dotlife_ext_is_infinite&quot;:&quot;false&quot;,&quot;dotlife_ext_is_fadeout_animation&quot;:&quot;false&quot;,&quot;dotlife_ext_mobile_static&quot;:&quot;false&quot;}\" data-widget_type=\"text-editor.default\">\n\t\t\t\t<div class=\"elementor-widget-container\">\n\t\t\t\t\t\t\t\t\t<ul>\n  <li><strong>Die richtige Boxhaltung:<\/strong> Lerne, wie du deine Standfestigkeit und Balance meisterst.<\/li>\n  <li><strong>Effektive Schlagtechniken:<\/strong> Von geraden Schl\u00e4gen bis zu Haken \u2013 alles Schritt f\u00fcr Schritt erkl\u00e4rt.<\/li>\n  <li><strong>Verteidigung und Beinarbeit:<\/strong> Beherrsche die Basics, um schnell und sicher zu agieren.<\/li>\n  <li><strong>Technikverfeinerung:<\/strong> Ideal f\u00fcr Fortgeschrittene, die ihre Bewegungen pr\u00e4ziser und fl\u00fcssiger machen m\u00f6chten.<\/li>\n  <li><strong>Flexibilit\u00e4t:<\/strong> Trainiere wann und wo du m\u00f6chtest \u2013 perfekt f\u00fcr deinen Alltag.<\/li>\n<\/ul>\n\t\t\t\t\t\t\t\t<\/div>\n\t\t\t\t<\/div>\n\t\t\t\t<\/div>\n\t\t<div class=\"elementor-element elementor-element-750eb6b e-con-full e-flex e-con e-child\" data-id=\"750eb6b\" data-element_type=\"container\" data-e-type=\"container\" data-settings=\"{&quot;dotlife_ext_is_background_parallax&quot;:&quot;false&quot;,&quot;dotlife_ext_is_background_backdrop&quot;:&quot;false&quot;,&quot;dotlife_ext_link_sidemenu&quot;:&quot;false&quot;,&quot;dotlife_ext_link_fullmenu&quot;:&quot;false&quot;,&quot;dotlife_ext_link_closed_fullmenu&quot;:&quot;false&quot;,&quot;dotlife_ext_is_scrollme&quot;:&quot;false&quot;,&quot;dotlife_ext_is_smoove&quot;:&quot;false&quot;,&quot;dotlife_ext_is_parallax_mouse&quot;:&quot;false&quot;,&quot;dotlife_ext_is_infinite&quot;:&quot;false&quot;,&quot;dotlife_ext_is_fadeout_animation&quot;:&quot;false&quot;,&quot;dotlife_ext_mobile_static&quot;:&quot;false&quot;}\">\n\t\t\t\t<div class=\"elementor-element elementor-element-de1fbca elementor-widget elementor-widget-heading\" data-id=\"de1fbca\" data-element_type=\"widget\" data-e-type=\"widget\" data-settings=\"{&quot;dotlife_ext_link_sidemenu&quot;:&quot;false&quot;,&quot;dotlife_ext_link_fullmenu&quot;:&quot;false&quot;,&quot;dotlife_ext_link_closed_fullmenu&quot;:&quot;false&quot;,&quot;dotlife_ext_is_scrollme&quot;:&quot;false&quot;,&quot;dotlife_ext_is_smoove&quot;:&quot;false&quot;,&quot;dotlife_ext_is_parallax_mouse&quot;:&quot;false&quot;,&quot;dotlife_ext_is_infinite&quot;:&quot;false&quot;,&quot;dotlife_ext_is_fadeout_animation&quot;:&quot;false&quot;,&quot;dotlife_ext_mobile_static&quot;:&quot;false&quot;}\" data-widget_type=\"heading.default\">\n\t\t\t\t<div class=\"elementor-widget-container\">\n\t\t\t\t\t<h2 class=\"elementor-heading-title elementor-size-default\">Warum solltest du diesen Kurs w\u00e4hlen?\n<\/h2>\t\t\t\t<\/div>\n\t\t\t\t<\/div>\n\t\t\t\t<div class=\"elementor-element elementor-element-03efeb5 elementor-widget elementor-widget-text-editor\" data-id=\"03efeb5\" data-element_type=\"widget\" data-e-type=\"widget\" data-settings=\"{&quot;dotlife_ext_link_sidemenu&quot;:&quot;false&quot;,&quot;dotlife_ext_link_fullmenu&quot;:&quot;false&quot;,&quot;dotlife_ext_link_closed_fullmenu&quot;:&quot;false&quot;,&quot;dotlife_ext_is_scrollme&quot;:&quot;false&quot;,&quot;dotlife_ext_is_smoove&quot;:&quot;false&quot;,&quot;dotlife_ext_is_parallax_mouse&quot;:&quot;false&quot;,&quot;dotlife_ext_is_infinite&quot;:&quot;false&quot;,&quot;dotlife_ext_is_fadeout_animation&quot;:&quot;false&quot;,&quot;dotlife_ext_mobile_static&quot;:&quot;false&quot;}\" data-widget_type=\"text-editor.default\">\n\t\t\t\t<div class=\"elementor-widget-container\">\n\t\t\t\t\t\t\t\t\t<ul>\n  <li><strong>Erfahrung eines Weltmeisters:<\/strong> Mit meiner langj\u00e4hrigen Erfahrung bringe ich dir die Grundlagen und fortgeschrittene Details n\u00e4her, die wirklich z\u00e4hlen.<\/li>\n  <li><strong>Strukturierter Lernweg:<\/strong> Ich begleite dich Schritt f\u00fcr Schritt, damit du ohne \u00dcberforderung Fortschritte machst \u2013 ob als Anf\u00e4nger oder erfahrener Boxer.<\/li>\n  <li><strong>Effizient und nachhaltig:<\/strong> \u00dcbe die wichtigsten Techniken immer wieder, um dich kontinuierlich zu verbessern.<\/li>\n  <li><strong>F\u00fcr jedes Level geeignet:<\/strong> Egal, ob du neu im Boxen bist oder deine Technik als Fortgeschrittener optimieren m\u00f6chtest \u2013 der Kurs passt sich deinen Zielen an.<\/li>\n<\/ul>\n\t\t\t\t\t\t\t\t<\/div>\n\t\t\t\t<\/div>\n\t\t\t\t<\/div>\n\t\t\t\t\t<\/div>\n\t\t\t\t<\/div>\n\t\t<div class=\"elementor-element elementor-element-d1d4cb2 e-flex e-con-boxed e-con e-parent\" data-id=\"d1d4cb2\" data-element_type=\"container\" data-e-type=\"container\" data-settings=\"{&quot;dotlife_ext_is_background_parallax&quot;:&quot;false&quot;,&quot;dotlife_ext_is_background_backdrop&quot;:&quot;false&quot;,&quot;dotlife_ext_link_sidemenu&quot;:&quot;false&quot;,&quot;dotlife_ext_link_fullmenu&quot;:&quot;false&quot;,&quot;dotlife_ext_link_closed_fullmenu&quot;:&quot;false&quot;,&quot;dotlife_ext_is_scrollme&quot;:&quot;false&quot;,&quot;dotlife_ext_is_smoove&quot;:&quot;false&quot;,&quot;dotlife_ext_is_parallax_mouse&quot;:&quot;false&quot;,&quot;dotlife_ext_is_infinite&quot;:&quot;false&quot;,&quot;dotlife_ext_is_fadeout_animation&quot;:&quot;false&quot;,&quot;dotlife_ext_mobile_static&quot;:&quot;false&quot;}\">\n\t\t\t\t\t<div class=\"e-con-inner\">\n\t\t\t\t<div class=\"elementor-element elementor-element-3f9b79b elementor-widget elementor-widget-button\" data-id=\"3f9b79b\" data-element_type=\"widget\" data-e-type=\"widget\" data-settings=\"{&quot;dotlife_ext_link_sidemenu&quot;:&quot;false&quot;,&quot;dotlife_ext_link_fullmenu&quot;:&quot;false&quot;,&quot;dotlife_ext_link_closed_fullmenu&quot;:&quot;false&quot;,&quot;dotlife_ext_is_scrollme&quot;:&quot;false&quot;,&quot;dotlife_ext_is_smoove&quot;:&quot;false&quot;,&quot;dotlife_ext_is_parallax_mouse&quot;:&quot;false&quot;,&quot;dotlife_ext_is_infinite&quot;:&quot;false&quot;,&quot;dotlife_ext_is_fadeout_animation&quot;:&quot;false&quot;,&quot;dotlife_ext_mobile_static&quot;:&quot;false&quot;}\" data-widget_type=\"button.default\">\n\t\t\t\t<div class=\"elementor-widget-container\">\n\t\t\t\t\t\t\t\t\t<div class=\"elementor-button-wrapper\">\n\t\t\t\t\t<a class=\"elementor-button elementor-button-link elementor-size-sm\" href=\"https:\/\/www.udemy.com\/course\/boxen-grundlagen\/?referralCode=B1B949C1B92618453B92\" target=\"_blank\">\n\t\t\t\t\t\t<span class=\"elementor-button-content-wrapper\">\n\t\t\t\t\t\t\t\t\t<span class=\"elementor-button-text\">HIER GEHT'S ZUM VIDEOKURS AUF UDEMY<\/span>\n\t\t\t\t\t<\/span>\n\t\t\t\t\t<\/a>\n\t\t\t\t<\/div>\n\t\t\t\t\t\t\t\t<\/div>\n\t\t\t\t<\/div>\n\t\t\t\t\t<\/div>\n\t\t\t\t<\/div>\n\t\t\t\t<\/div>\n\t\t","protected":false},"excerpt":{"rendered":"<p>Videokurs: Grundlagen des Boxens Du m\u00f6chtest die Kunst des Boxens beherrschen \u2013 flexibel und in deinem eigenen Tempo? Als dreifacher Kickbox-Weltmeister habe ich hunderten Menschen die Grundlagen des Boxens beigebracht. Dabei habe ich festgestellt, dass viele Techniken durch Wiederholung und [&hellip;]<\/p>\n","protected":false},"author":1,"featured_media":1784,"parent":0,"menu_order":0,"comment_status":"closed","ping_status":"closed","template":"","meta":{"footnotes":""},"class_list":["post-1823","page","type-page","status-publish","has-post-thumbnail","hentry"],"yoast_head":"<!-- This site is optimized with the Yoast SEO plugin v24.6 - https:\/\/yoast.com\/wordpress\/plugins\/seo\/ -->\n<title>Videokurs - Max Baumert<\/title>\n<meta name=\"description\" content=\"Videokurs Boxen lernen: Grundlagen &amp; Technik von Weltmeister Max Baumert. Perfekt f\u00fcr Anf\u00e4nger &amp; Fortgeschrittene\" \/>\n<meta name=\"robots\" content=\"index, follow, max-snippet:-1, max-image-preview:large, max-video-preview:-1\" \/>\n<link rel=\"canonical\" href=\"https:\/\/maxbaumert.de\/?page_id=1823\" \/>\n<meta property=\"og:locale\" content=\"de_DE\" \/>\n<meta property=\"og:type\" content=\"article\" \/>\n<meta property=\"og:title\" content=\"Videokurs - Max Baumert\" \/>\n<meta property=\"og:description\" content=\"Videokurs Boxen lernen: Grundlagen &amp; Technik von Weltmeister Max Baumert. Perfekt f\u00fcr Anf\u00e4nger &amp; Fortgeschrittene\" \/>\n<meta property=\"og:url\" content=\"https:\/\/maxbaumert.de\/?page_id=1823\" \/>\n<meta property=\"og:site_name\" content=\"Max Baumert\" \/>\n<meta property=\"article:modified_time\" content=\"2025-03-17T18:21:23+00:00\" \/>\n<meta property=\"og:image\" content=\"https:\/\/maxbaumert.de\/wp-content\/uploads\/2024\/12\/light-darkened-04.jpg\" \/>\n\t<meta property=\"og:image:width\" content=\"1247\" \/>\n\t<meta property=\"og:image:height\" content=\"2048\" \/>\n\t<meta property=\"og:image:type\" content=\"image\/jpeg\" \/>\n<meta name=\"twitter:card\" content=\"summary_large_image\" \/>\n<meta name=\"twitter:label1\" content=\"Gesch\u00e4tzte Lesezeit\" \/>\n\t<meta name=\"twitter:data1\" content=\"2\u00a0Minuten\" \/>\n<script type=\"application\/ld+json\" class=\"yoast-schema-graph\">{\"@context\":\"https:\/\/schema.org\",\"@graph\":[{\"@type\":\"WebPage\",\"@id\":\"https:\/\/maxbaumert.de\/?page_id=1823\",\"url\":\"https:\/\/maxbaumert.de\/?page_id=1823\",\"name\":\"Videokurs - Max Baumert\",\"isPartOf\":{\"@id\":\"https:\/\/maxbaumert.de\/#website\"},\"primaryImageOfPage\":{\"@id\":\"https:\/\/maxbaumert.de\/?page_id=1823#primaryimage\"},\"image\":{\"@id\":\"https:\/\/maxbaumert.de\/?page_id=1823#primaryimage\"},\"thumbnailUrl\":\"https:\/\/maxbaumert.de\/wp-content\/uploads\/2024\/12\/light-darkened-04.jpg\",\"datePublished\":\"2024-12-22T10:23:26+00:00\",\"dateModified\":\"2025-03-17T18:21:23+00:00\",\"description\":\"Videokurs Boxen lernen: Grundlagen & Technik von Weltmeister Max Baumert. Perfekt f\u00fcr Anf\u00e4nger & Fortgeschrittene\",\"breadcrumb\":{\"@id\":\"https:\/\/maxbaumert.de\/?page_id=1823#breadcrumb\"},\"inLanguage\":\"de\",\"potentialAction\":[{\"@type\":\"ReadAction\",\"target\":[\"https:\/\/maxbaumert.de\/?page_id=1823\"]}]},{\"@type\":\"ImageObject\",\"inLanguage\":\"de\",\"@id\":\"https:\/\/maxbaumert.de\/?page_id=1823#primaryimage\",\"url\":\"https:\/\/maxbaumert.de\/wp-content\/uploads\/2024\/12\/light-darkened-04.jpg\",\"contentUrl\":\"https:\/\/maxbaumert.de\/wp-content\/uploads\/2024\/12\/light-darkened-04.jpg\",\"width\":1247,\"height\":2048},{\"@type\":\"BreadcrumbList\",\"@id\":\"https:\/\/maxbaumert.de\/?page_id=1823#breadcrumb\",\"itemListElement\":[{\"@type\":\"ListItem\",\"position\":1,\"name\":\"Startseite\",\"item\":\"https:\/\/maxbaumert.de\/\"},{\"@type\":\"ListItem\",\"position\":2,\"name\":\"Videokurs\"}]},{\"@type\":\"WebSite\",\"@id\":\"https:\/\/maxbaumert.de\/#website\",\"url\":\"https:\/\/maxbaumert.de\/\",\"name\":\"Max Baumert\",\"description\":\"Performance Coaching\",\"potentialAction\":[{\"@type\":\"SearchAction\",\"target\":{\"@type\":\"EntryPoint\",\"urlTemplate\":\"https:\/\/maxbaumert.de\/?s={search_term_string}\"},\"query-input\":{\"@type\":\"PropertyValueSpecification\",\"valueRequired\":true,\"valueName\":\"search_term_string\"}}],\"inLanguage\":\"de\"}]}<\/script>\n<!-- \/ Yoast SEO plugin. -->","yoast_head_json":{"title":"Videokurs - Max Baumert","description":"Videokurs Boxen lernen: Grundlagen & Technik von Weltmeister Max Baumert. Perfekt f\u00fcr Anf\u00e4nger & Fortgeschrittene","robots":{"index":"index","follow":"follow","max-snippet":"max-snippet:-1","max-image-preview":"max-image-preview:large","max-video-preview":"max-video-preview:-1"},"canonical":"https:\/\/maxbaumert.de\/?page_id=1823","og_locale":"de_DE","og_type":"article","og_title":"Videokurs - Max Baumert","og_description":"Videokurs Boxen lernen: Grundlagen & Technik von Weltmeister Max Baumert. Perfekt f\u00fcr Anf\u00e4nger & Fortgeschrittene","og_url":"https:\/\/maxbaumert.de\/?page_id=1823","og_site_name":"Max Baumert","article_modified_time":"2025-03-17T18:21:23+00:00","og_image":[{"width":1247,"height":2048,"url":"https:\/\/maxbaumert.de\/wp-content\/uploads\/2024\/12\/light-darkened-04.jpg","type":"image\/jpeg"}],"twitter_card":"summary_large_image","twitter_misc":{"Gesch\u00e4tzte Lesezeit":"2\u00a0Minuten"},"schema":{"@context":"https:\/\/schema.org","@graph":[{"@type":"WebPage","@id":"https:\/\/maxbaumert.de\/?page_id=1823","url":"https:\/\/maxbaumert.de\/?page_id=1823","name":"Videokurs - Max Baumert","isPartOf":{"@id":"https:\/\/maxbaumert.de\/#website"},"primaryImageOfPage":{"@id":"https:\/\/maxbaumert.de\/?page_id=1823#primaryimage"},"image":{"@id":"https:\/\/maxbaumert.de\/?page_id=1823#primaryimage"},"thumbnailUrl":"https:\/\/maxbaumert.de\/wp-content\/uploads\/2024\/12\/light-darkened-04.jpg","datePublished":"2024-12-22T10:23:26+00:00","dateModified":"2025-03-17T18:21:23+00:00","description":"Videokurs Boxen lernen: Grundlagen & Technik von Weltmeister Max Baumert. Perfekt f\u00fcr Anf\u00e4nger & Fortgeschrittene","breadcrumb":{"@id":"https:\/\/maxbaumert.de\/?page_id=1823#breadcrumb"},"inLanguage":"de","potentialAction":[{"@type":"ReadAction","target":["https:\/\/maxbaumert.de\/?page_id=1823"]}]},{"@type":"ImageObject","inLanguage":"de","@id":"https:\/\/maxbaumert.de\/?page_id=1823#primaryimage","url":"https:\/\/maxbaumert.de\/wp-content\/uploads\/2024\/12\/light-darkened-04.jpg","contentUrl":"https:\/\/maxbaumert.de\/wp-content\/uploads\/2024\/12\/light-darkened-04.jpg","width":1247,"height":2048},{"@type":"BreadcrumbList","@id":"https:\/\/maxbaumert.de\/?page_id=1823#breadcrumb","itemListElement":[{"@type":"ListItem","position":1,"name":"Startseite","item":"https:\/\/maxbaumert.de\/"},{"@type":"ListItem","position":2,"name":"Videokurs"}]},{"@type":"WebSite","@id":"https:\/\/maxbaumert.de\/#website","url":"https:\/\/maxbaumert.de\/","name":"Max Baumert","description":"Performance Coaching","potentialAction":[{"@type":"SearchAction","target":{"@type":"EntryPoint","urlTemplate":"https:\/\/maxbaumert.de\/?s={search_term_string}"},"query-input":{"@type":"PropertyValueSpecification","valueRequired":true,"valueName":"search_term_string"}}],"inLanguage":"de"}]}},"_links":{"self":[{"href":"https:\/\/maxbaumert.de\/index.php?rest_route=\/wp\/v2\/pages\/1823"}],"collection":[{"href":"https:\/\/maxbaumert.de\/index.php?rest_route=\/wp\/v2\/pages"}],"about":[{"href":"https:\/\/maxbaumert.de\/index.php?rest_route=\/wp\/v2\/types\/page"}],"author":[{"embeddable":true,"href":"https:\/\/maxbaumert.de\/index.php?rest_route=\/wp\/v2\/users\/1"}],"replies":[{"embeddable":true,"href":"https:\/\/maxbaumert.de\/index.php?rest_route=%2Fwp%2Fv2%2Fcomments&post=1823"}],"version-history":[{"count":46,"href":"https:\/\/maxbaumert.de\/index.php?rest_route=\/wp\/v2\/pages\/1823\/revisions"}],"predecessor-version":[{"id":2987,"href":"https:\/\/maxbaumert.de\/index.php?rest_route=\/wp\/v2\/pages\/1823\/revisions\/2987"}],"wp:featuredmedia":[{"embeddable":true,"href":"https:\/\/maxbaumert.de\/index.php?rest_route=\/wp\/v2\/media\/1784"}],"wp:attachment":[{"href":"https:\/\/maxbaumert.de\/index.php?rest_route=%2Fwp%2Fv2%2Fmedia&parent=1823"}],"curies":[{"name":"wp","href":"https:\/\/api.w.org\/{rel}","templated":true}]}}